{"id":10217,"date":"2021-06-04T09:34:00","date_gmt":"2021-06-04T06:34:00","guid":{"rendered":"https:\/\/happyandnaturaldogs.com\/koulutusta-ja-ongelmien-ratkaisua-ilman-stressia\/"},"modified":"2025-07-23T10:44:44","modified_gmt":"2025-07-23T07:44:44","slug":"koulutusta-ja-ongelmien-ratkaisua-ilman-stressia","status":"publish","type":"page","link":"https:\/\/happyandnaturaldogs.com\/en\/","title":{"rendered":"Training and problem solving in a stressless way"},"content":{"rendered":"<p>[et_pb_section fb_built=&#8221;1&#8243; admin_label=&#8221;section&#8221; _builder_version=&#8221;4.16&#8243; global_colors_info=&#8221;{}&#8221;][et_pb_row _builder_version=&#8221;4.16&#8243; _module_preset=&#8221;default&#8221; locked=&#8221;off&#8221; global_colors_info=&#8221;{}&#8221;][et_pb_column type=&#8221;4_4&#8243; _builder_version=&#8221;4.16&#8243; _module_preset=&#8221;default&#8221; global_colors_info=&#8221;{}&#8221;][et_pb_text _builder_version=&#8221;4.24.2&#8243; _module_preset=&#8221;default&#8221; global_colors_info=&#8221;{}&#8221;]<\/p>\n<p><strong>Training and problem solving in a stressless way<\/strong><\/p>\n<p>Our focus is on the\u00a0natural behaviour of dogs and we use this knowledge to our advantage\u00a0in the process of training. When dogs are controlled respecting their natural behaviour they, as well as the owners, can have more freedom.<\/p>\n<p><strong>Our aim is good dog\u2013owner co-operation; a happy dog and a happy owner!<\/strong><\/p>\n<p>[\/et_pb_text][\/et_pb_column][\/et_pb_row][et_pb_row column_structure=&#8221;2_5,3_5&#8243; _builder_version=&#8221;4.24.2&#8243; _module_preset=&#8221;default&#8221; global_colors_info=&#8221;{}&#8221;][et_pb_column type=&#8221;2_5&#8243; _builder_version=&#8221;4.24.2&#8243; _module_preset=&#8221;default&#8221; global_colors_info=&#8221;{}&#8221;][et_pb_image src=&#8221;https:\/\/happyandnaturaldogs.com\/wp-content\/uploads\/koirien-kayttaytymisneuvontaa.jpg&#8221; alt=&#8221;koirien k\u00e4ytt\u00e4ytymisneuvontaa&#8221; title_text=&#8221;koirien k\u00e4ytt\u00e4ytymisneuvontaa&#8221; show_in_lightbox=&#8221;on&#8221; _builder_version=&#8221;4.24.2&#8243; _module_preset=&#8221;default&#8221; border_width_all=&#8221;9px&#8221; border_color_all=&#8221;#ededed&#8221; global_colors_info=&#8221;{}&#8221;][\/et_pb_image][\/et_pb_column][et_pb_column type=&#8221;3_5&#8243; _builder_version=&#8221;4.24.2&#8243; _module_preset=&#8221;default&#8221; global_colors_info=&#8221;{}&#8221;][et_pb_text _builder_version=&#8221;4.27.4&#8243; _module_preset=&#8221;default&#8221; hover_enabled=&#8221;0&#8243; global_colors_info=&#8221;{}&#8221; sticky_enabled=&#8221;0&#8243;]<\/p>\n<h4><strong>Pauliina Laurila<\/strong><strong><a href=\"https:\/\/happyandnaturaldogs.com\/en\/?attachment_id=10047\" rel=\"attachment wp-att-89\"><\/a><\/strong><\/h4>\n<h6><a href=\"https:\/\/happyandnaturaldogs.com\/en\/?attachment_id=10047\" rel=\"attachment wp-att-89\">Dog consultant \/ Animal behaviour therapist<br \/><\/a><\/h6>\n<p>Bachelor of Science, Anglia Ruskin University, Cambridge, England.<br \/>Participated several international seminars on dog behaviour, eg. the Canine Science Forum <span>\u00a02008, 2010, 2012, 2014, 2023 and 2025.<\/span><\/p>\n<p>[\/et_pb_text][\/et_pb_column][\/et_pb_row][\/et_pb_section]<\/p>\n","protected":false},"excerpt":{"rendered":"<p>Training and problem solving in a stressless way Our focus is on the\u00a0natural behaviour of dogs and we use this knowledge to our advantage\u00a0in the process of training. When dogs are controlled respecting their natural behaviour they, as well as the owners, can have more freedom. Our aim is good dog\u2013owner co-operation; a happy dog [&hellip;]<\/p>\n","protected":false},"author":2,"featured_media":0,"parent":0,"menu_order":1,"comment_status":"closed","ping_status":"open","template":"","meta":{"_et_pb_use_builder":"on","_et_pb_old_content":"","_et_gb_content_width":"","footnotes":""},"class_list":["post-10217","page","type-page","status-publish","hentry"],"yoast_head":"<!-- This site is optimized with the Yoast SEO plugin v27.2 - https:\/\/yoast.com\/product\/yoast-seo-wordpress\/ -->\n<title>Training and problem solving in a stressless way - Happy and Natural dogs - Ongelmakoirakouluttaja<\/title>\n<meta name=\"robots\" content=\"index, follow, max-snippet:-1, max-image-preview:large, max-video-preview:-1\" \/>\n<link rel=\"canonical\" href=\"https:\/\/happyandnaturaldogs.com\/en\/\" \/>\n<meta property=\"og:locale\" content=\"en_US\" \/>\n<meta property=\"og:type\" content=\"article\" \/>\n<meta property=\"og:title\" content=\"Training and problem solving in a stressless way - Happy and Natural dogs - Ongelmakoirakouluttaja\" \/>\n<meta property=\"og:description\" content=\"Training and problem solving in a stressless way Our focus is on the\u00a0natural behaviour of dogs and we use this knowledge to our advantage\u00a0in the process of training. When dogs are controlled respecting their natural behaviour they, as well as the owners, can have more freedom. Our aim is good dog\u2013owner co-operation; a happy dog [&hellip;]\" \/>\n<meta property=\"og:url\" content=\"https:\/\/happyandnaturaldogs.com\/en\/\" \/>\n<meta property=\"og:site_name\" content=\"Happy and Natural dogs - Ongelmakoirakouluttaja\" \/>\n<meta property=\"article:publisher\" content=\"https:\/\/www.facebook.com\/HappyAndNaturalDogs\" \/>\n<meta property=\"article:modified_time\" content=\"2025-07-23T07:44:44+00:00\" \/>\n<meta name=\"twitter:card\" content=\"summary_large_image\" \/>\n<meta name=\"twitter:label1\" content=\"Est. reading time\" \/>\n\t<meta name=\"twitter:data1\" content=\"1 minute\" \/>\n<script type=\"application\/ld+json\" class=\"yoast-schema-graph\">{\"@context\":\"https:\/\/schema.org\",\"@graph\":[{\"@type\":\"WebPage\",\"@id\":\"https:\/\/happyandnaturaldogs.com\/en\/\",\"url\":\"https:\/\/happyandnaturaldogs.com\/en\/\",\"name\":\"Training and problem solving in a stressless way - Happy and Natural dogs - Ongelmakoirakouluttaja\",\"isPartOf\":{\"@id\":\"https:\/\/happyandnaturaldogs.com\/en\/#website\"},\"datePublished\":\"2021-06-04T06:34:00+00:00\",\"dateModified\":\"2025-07-23T07:44:44+00:00\",\"breadcrumb\":{\"@id\":\"https:\/\/happyandnaturaldogs.com\/en\/#breadcrumb\"},\"inLanguage\":\"en-US\",\"potentialAction\":[{\"@type\":\"ReadAction\",\"target\":[\"https:\/\/happyandnaturaldogs.com\/en\/\"]}]},{\"@type\":\"BreadcrumbList\",\"@id\":\"https:\/\/happyandnaturaldogs.com\/en\/#breadcrumb\",\"itemListElement\":[{\"@type\":\"ListItem\",\"position\":1,\"name\":\"Etusivu\",\"item\":\"https:\/\/happyandnaturaldogs.com\/en\/\"},{\"@type\":\"ListItem\",\"position\":2,\"name\":\"Training and problem solving in a stressless way\"}]},{\"@type\":\"WebSite\",\"@id\":\"https:\/\/happyandnaturaldogs.com\/en\/#website\",\"url\":\"https:\/\/happyandnaturaldogs.com\/en\/\",\"name\":\"Happy and Natural dogs - Ongelmakoirakouluttaja\",\"description\":\"Happy and Natural dogs - Training and problem solving in a stressless way\",\"publisher\":{\"@id\":\"https:\/\/happyandnaturaldogs.com\/en\/#organization\"},\"potentialAction\":[{\"@type\":\"SearchAction\",\"target\":{\"@type\":\"EntryPoint\",\"urlTemplate\":\"https:\/\/happyandnaturaldogs.com\/en\/?s={search_term_string}\"},\"query-input\":{\"@type\":\"PropertyValueSpecification\",\"valueRequired\":true,\"valueName\":\"search_term_string\"}}],\"inLanguage\":\"en-US\"},{\"@type\":\"Organization\",\"@id\":\"https:\/\/happyandnaturaldogs.com\/en\/#organization\",\"name\":\"Happy and Natural dogs - Ongelmakoirakouluttaja\",\"url\":\"https:\/\/happyandnaturaldogs.com\/en\/\",\"logo\":{\"@type\":\"ImageObject\",\"inLanguage\":\"en-US\",\"@id\":\"https:\/\/happyandnaturaldogs.com\/en\/#\/schema\/logo\/image\/\",\"url\":\"https:\/\/happyandnaturaldogs.com\/wp-content\/uploads\/favicon-1.jpg\",\"contentUrl\":\"https:\/\/happyandnaturaldogs.com\/wp-content\/uploads\/favicon-1.jpg\",\"width\":116,\"height\":116,\"caption\":\"Happy and Natural dogs - Ongelmakoirakouluttaja\"},\"image\":{\"@id\":\"https:\/\/happyandnaturaldogs.com\/en\/#\/schema\/logo\/image\/\"},\"sameAs\":[\"https:\/\/www.facebook.com\/HappyAndNaturalDogs\"]}]}<\/script>\n<!-- \/ Yoast SEO plugin. -->","yoast_head_json":{"title":"Training and problem solving in a stressless way - Happy and Natural dogs - Ongelmakoirakouluttaja","robots":{"index":"index","follow":"follow","max-snippet":"max-snippet:-1","max-image-preview":"max-image-preview:large","max-video-preview":"max-video-preview:-1"},"canonical":"https:\/\/happyandnaturaldogs.com\/en\/","og_locale":"en_US","og_type":"article","og_title":"Training and problem solving in a stressless way - Happy and Natural dogs - Ongelmakoirakouluttaja","og_description":"Training and problem solving in a stressless way Our focus is on the\u00a0natural behaviour of dogs and we use this knowledge to our advantage\u00a0in the process of training. When dogs are controlled respecting their natural behaviour they, as well as the owners, can have more freedom. Our aim is good dog\u2013owner co-operation; a happy dog [&hellip;]","og_url":"https:\/\/happyandnaturaldogs.com\/en\/","og_site_name":"Happy and Natural dogs - Ongelmakoirakouluttaja","article_publisher":"https:\/\/www.facebook.com\/HappyAndNaturalDogs","article_modified_time":"2025-07-23T07:44:44+00:00","twitter_card":"summary_large_image","twitter_misc":{"Est. reading time":"1 minute"},"schema":{"@context":"https:\/\/schema.org","@graph":[{"@type":"WebPage","@id":"https:\/\/happyandnaturaldogs.com\/en\/","url":"https:\/\/happyandnaturaldogs.com\/en\/","name":"Training and problem solving in a stressless way - Happy and Natural dogs - Ongelmakoirakouluttaja","isPartOf":{"@id":"https:\/\/happyandnaturaldogs.com\/en\/#website"},"datePublished":"2021-06-04T06:34:00+00:00","dateModified":"2025-07-23T07:44:44+00:00","breadcrumb":{"@id":"https:\/\/happyandnaturaldogs.com\/en\/#breadcrumb"},"inLanguage":"en-US","potentialAction":[{"@type":"ReadAction","target":["https:\/\/happyandnaturaldogs.com\/en\/"]}]},{"@type":"BreadcrumbList","@id":"https:\/\/happyandnaturaldogs.com\/en\/#breadcrumb","itemListElement":[{"@type":"ListItem","position":1,"name":"Etusivu","item":"https:\/\/happyandnaturaldogs.com\/en\/"},{"@type":"ListItem","position":2,"name":"Training and problem solving in a stressless way"}]},{"@type":"WebSite","@id":"https:\/\/happyandnaturaldogs.com\/en\/#website","url":"https:\/\/happyandnaturaldogs.com\/en\/","name":"Happy and Natural dogs - Ongelmakoirakouluttaja","description":"Happy and Natural dogs - Training and problem solving in a stressless way","publisher":{"@id":"https:\/\/happyandnaturaldogs.com\/en\/#organization"},"potentialAction":[{"@type":"SearchAction","target":{"@type":"EntryPoint","urlTemplate":"https:\/\/happyandnaturaldogs.com\/en\/?s={search_term_string}"},"query-input":{"@type":"PropertyValueSpecification","valueRequired":true,"valueName":"search_term_string"}}],"inLanguage":"en-US"},{"@type":"Organization","@id":"https:\/\/happyandnaturaldogs.com\/en\/#organization","name":"Happy and Natural dogs - Ongelmakoirakouluttaja","url":"https:\/\/happyandnaturaldogs.com\/en\/","logo":{"@type":"ImageObject","inLanguage":"en-US","@id":"https:\/\/happyandnaturaldogs.com\/en\/#\/schema\/logo\/image\/","url":"https:\/\/happyandnaturaldogs.com\/wp-content\/uploads\/favicon-1.jpg","contentUrl":"https:\/\/happyandnaturaldogs.com\/wp-content\/uploads\/favicon-1.jpg","width":116,"height":116,"caption":"Happy and Natural dogs - Ongelmakoirakouluttaja"},"image":{"@id":"https:\/\/happyandnaturaldogs.com\/en\/#\/schema\/logo\/image\/"},"sameAs":["https:\/\/www.facebook.com\/HappyAndNaturalDogs"]}]}},"_links":{"self":[{"href":"https:\/\/happyandnaturaldogs.com\/en\/wp-json\/wp\/v2\/pages\/10217","targetHints":{"allow":["GET"]}}],"collection":[{"href":"https:\/\/happyandnaturaldogs.com\/en\/wp-json\/wp\/v2\/pages"}],"about":[{"href":"https:\/\/happyandnaturaldogs.com\/en\/wp-json\/wp\/v2\/types\/page"}],"author":[{"embeddable":true,"href":"https:\/\/happyandnaturaldogs.com\/en\/wp-json\/wp\/v2\/users\/2"}],"replies":[{"embeddable":true,"href":"https:\/\/happyandnaturaldogs.com\/en\/wp-json\/wp\/v2\/comments?post=10217"}],"version-history":[{"count":8,"href":"https:\/\/happyandnaturaldogs.com\/en\/wp-json\/wp\/v2\/pages\/10217\/revisions"}],"predecessor-version":[{"id":10384,"href":"https:\/\/happyandnaturaldogs.com\/en\/wp-json\/wp\/v2\/pages\/10217\/revisions\/10384"}],"wp:attachment":[{"href":"https:\/\/happyandnaturaldogs.com\/en\/wp-json\/wp\/v2\/media?parent=10217"}],"curies":[{"name":"wp","href":"https:\/\/api.w.org\/{rel}","templated":true}]}}