{"id":10254,"date":"2021-06-04T09:34:00","date_gmt":"2021-06-04T06:34:00","guid":{"rendered":"https:\/\/happyandnaturaldogs.com\/inicio-2\/"},"modified":"2025-07-23T10:46:36","modified_gmt":"2025-07-23T07:46:36","slug":"inicio-2","status":"publish","type":"page","link":"https:\/\/happyandnaturaldogs.com\/es\/","title":{"rendered":"Inicio"},"content":{"rendered":"<p>[et_pb_section fb_built=\u00bb1&#8243; admin_label=\u00bbsection\u00bb _builder_version=\u00bb4.16&#8243; global_colors_info=\u00bb{}\u00bb][et_pb_row _builder_version=\u00bb4.16&#8243; _module_preset=\u00bbdefault\u00bb border_width_bottom=\u00bb1px\u00bb global_colors_info=\u00bb{}\u00bb][et_pb_column type=\u00bb4_4&#8243; _builder_version=\u00bb4.16&#8243; _module_preset=\u00bbdefault\u00bb global_colors_info=\u00bb{}\u00bb][et_pb_text _builder_version=\u00bb4.27.4&#8243; _module_preset=\u00bbdefault\u00bb hover_enabled=\u00bb0&#8243; global_colors_info=\u00bb{}\u00bb sticky_enabled=\u00bb0&#8243;]<\/p>\n<p><strong>Perros felices y naturales<\/strong><\/p>\n<p>Adiestrando y solucionando problemas sin estres.<br \/>Nos centramos en el comportamiento natural de los perros y utilizamos nuestro onocimiento para nuestra ventaja en el proceso de adiestramiento.<\/p>\n<p>Cuando los perros estan controlados respetando su comportamiento natural, ellos, como los due\u00f1os tambien, pueden tener m\u00e1s libertad.<\/p>\n<p>Nuestro objetivo es una buena cooperaci\u00f3n entre el perro y el due\u00f1o; un perro fel\u00edz y un due\u00f1o fel\u00edz!<\/p>\n<p><strong>Adiestradora de perros<br \/>Paulina Laurila<\/strong><\/p>\n<p><strong><a href=\"https:\/\/happyandnaturaldogs.com\/es\/yhteystiedot\/pauliina_miisa_800-2\/\" rel=\"attachment wp-att-89\"><img loading=\"lazy\" decoding=\"async\" class=\"alignright\" title=\"pauliina and miisa\" src=\"https:\/\/happyandnaturaldogs.com\/wp-content\/uploads\/pauliina_miisa_800.jpg\" alt=\"\" width=\"358\" height=\"252\" \/><\/a><\/strong><\/p>\n<p>Bachelor of Science, Anglia Ruskin University, Cambridge, England. Participated several international seminars on dog behaviour, eg. the Canine Science Forum 2008, 2010,\u00a0 2012, 2014 &amp; 2025.<\/p>\n<p>[\/et_pb_text][\/et_pb_column][\/et_pb_row][\/et_pb_section]<\/p>\n","protected":false},"excerpt":{"rendered":"<p>Perros felices y naturales Adiestrando y solucionando problemas sin estres.Nos centramos en el comportamiento natural de los perros y utilizamos nuestro onocimiento para nuestra ventaja en el proceso de adiestramiento. Cuando los perros estan controlados respetando su comportamiento natural, ellos, como los due\u00f1os tambien, pueden tener m\u00e1s libertad. Nuestro objetivo es una buena cooperaci\u00f3n entre [&hellip;]<\/p>\n","protected":false},"author":2,"featured_media":0,"parent":0,"menu_order":1,"comment_status":"closed","ping_status":"open","template":"","meta":{"_et_pb_use_builder":"on","_et_pb_old_content":"","_et_gb_content_width":"","footnotes":""},"class_list":["post-10254","page","type-page","status-publish","hentry"],"yoast_head":"<!-- This site is optimized with the Yoast SEO plugin v27.2 - https:\/\/yoast.com\/product\/yoast-seo-wordpress\/ -->\n<title>Inicio - Happy and Natural dogs - Ongelmakoirakouluttaja<\/title>\n<meta name=\"robots\" content=\"index, follow, max-snippet:-1, max-image-preview:large, max-video-preview:-1\" \/>\n<link rel=\"canonical\" href=\"https:\/\/happyandnaturaldogs.com\/es\/\" \/>\n<meta property=\"og:locale\" content=\"es_ES\" \/>\n<meta property=\"og:type\" content=\"article\" \/>\n<meta property=\"og:title\" content=\"Inicio - Happy and Natural dogs - Ongelmakoirakouluttaja\" \/>\n<meta property=\"og:description\" content=\"Perros felices y naturales Adiestrando y solucionando problemas sin estres.Nos centramos en el comportamiento natural de los perros y utilizamos nuestro onocimiento para nuestra ventaja en el proceso de adiestramiento. Cuando los perros estan controlados respetando su comportamiento natural, ellos, como los due\u00f1os tambien, pueden tener m\u00e1s libertad. Nuestro objetivo es una buena cooperaci\u00f3n entre [&hellip;]\" \/>\n<meta property=\"og:url\" content=\"https:\/\/happyandnaturaldogs.com\/es\/\" \/>\n<meta property=\"og:site_name\" content=\"Happy and Natural dogs - Ongelmakoirakouluttaja\" \/>\n<meta property=\"article:publisher\" content=\"https:\/\/www.facebook.com\/HappyAndNaturalDogs\" \/>\n<meta property=\"article:modified_time\" content=\"2025-07-23T07:46:36+00:00\" \/>\n<meta property=\"og:image\" content=\"https:\/\/happyandnaturaldogs.com\/wp-content\/uploads\/pauliina_miisa_800.jpg\" \/>\n<meta name=\"twitter:card\" content=\"summary_large_image\" \/>\n<meta name=\"twitter:label1\" content=\"Tiempo de lectura\" \/>\n\t<meta name=\"twitter:data1\" content=\"3 minutos\" \/>\n<script type=\"application\/ld+json\" class=\"yoast-schema-graph\">{\"@context\":\"https:\/\/schema.org\",\"@graph\":[{\"@type\":\"WebPage\",\"@id\":\"https:\/\/happyandnaturaldogs.com\/es\/\",\"url\":\"https:\/\/happyandnaturaldogs.com\/es\/\",\"name\":\"Inicio - Happy and Natural dogs - Ongelmakoirakouluttaja\",\"isPartOf\":{\"@id\":\"https:\/\/happyandnaturaldogs.com\/es\/#website\"},\"primaryImageOfPage\":{\"@id\":\"https:\/\/happyandnaturaldogs.com\/es\/#primaryimage\"},\"image\":{\"@id\":\"https:\/\/happyandnaturaldogs.com\/es\/#primaryimage\"},\"thumbnailUrl\":\"https:\/\/happyandnaturaldogs.com\/wp-content\/uploads\/pauliina_miisa_800.jpg\",\"datePublished\":\"2021-06-04T06:34:00+00:00\",\"dateModified\":\"2025-07-23T07:46:36+00:00\",\"breadcrumb\":{\"@id\":\"https:\/\/happyandnaturaldogs.com\/es\/#breadcrumb\"},\"inLanguage\":\"es\",\"potentialAction\":[{\"@type\":\"ReadAction\",\"target\":[\"https:\/\/happyandnaturaldogs.com\/es\/\"]}]},{\"@type\":\"ImageObject\",\"inLanguage\":\"es\",\"@id\":\"https:\/\/happyandnaturaldogs.com\/es\/#primaryimage\",\"url\":\"https:\/\/happyandnaturaldogs.com\/wp-content\/uploads\/pauliina_miisa_800.jpg\",\"contentUrl\":\"https:\/\/happyandnaturaldogs.com\/wp-content\/uploads\/pauliina_miisa_800.jpg\"},{\"@type\":\"BreadcrumbList\",\"@id\":\"https:\/\/happyandnaturaldogs.com\/es\/#breadcrumb\",\"itemListElement\":[{\"@type\":\"ListItem\",\"position\":1,\"name\":\"Etusivu\",\"item\":\"https:\/\/happyandnaturaldogs.com\/es\/\"},{\"@type\":\"ListItem\",\"position\":2,\"name\":\"Inicio\"}]},{\"@type\":\"WebSite\",\"@id\":\"https:\/\/happyandnaturaldogs.com\/es\/#website\",\"url\":\"https:\/\/happyandnaturaldogs.com\/es\/\",\"name\":\"Happy and Natural dogs - Ongelmakoirakouluttaja\",\"description\":\"Happy and Natural dogs - Training and problem solving in a stressless way\",\"publisher\":{\"@id\":\"https:\/\/happyandnaturaldogs.com\/es\/#organization\"},\"potentialAction\":[{\"@type\":\"SearchAction\",\"target\":{\"@type\":\"EntryPoint\",\"urlTemplate\":\"https:\/\/happyandnaturaldogs.com\/es\/?s={search_term_string}\"},\"query-input\":{\"@type\":\"PropertyValueSpecification\",\"valueRequired\":true,\"valueName\":\"search_term_string\"}}],\"inLanguage\":\"es\"},{\"@type\":\"Organization\",\"@id\":\"https:\/\/happyandnaturaldogs.com\/es\/#organization\",\"name\":\"Happy and Natural dogs - Ongelmakoirakouluttaja\",\"url\":\"https:\/\/happyandnaturaldogs.com\/es\/\",\"logo\":{\"@type\":\"ImageObject\",\"inLanguage\":\"es\",\"@id\":\"https:\/\/happyandnaturaldogs.com\/es\/#\/schema\/logo\/image\/\",\"url\":\"https:\/\/happyandnaturaldogs.com\/wp-content\/uploads\/favicon-1.jpg\",\"contentUrl\":\"https:\/\/happyandnaturaldogs.com\/wp-content\/uploads\/favicon-1.jpg\",\"width\":116,\"height\":116,\"caption\":\"Happy and Natural dogs - Ongelmakoirakouluttaja\"},\"image\":{\"@id\":\"https:\/\/happyandnaturaldogs.com\/es\/#\/schema\/logo\/image\/\"},\"sameAs\":[\"https:\/\/www.facebook.com\/HappyAndNaturalDogs\"]}]}<\/script>\n<!-- \/ Yoast SEO plugin. -->","yoast_head_json":{"title":"Inicio - Happy and Natural dogs - Ongelmakoirakouluttaja","robots":{"index":"index","follow":"follow","max-snippet":"max-snippet:-1","max-image-preview":"max-image-preview:large","max-video-preview":"max-video-preview:-1"},"canonical":"https:\/\/happyandnaturaldogs.com\/es\/","og_locale":"es_ES","og_type":"article","og_title":"Inicio - Happy and Natural dogs - Ongelmakoirakouluttaja","og_description":"Perros felices y naturales Adiestrando y solucionando problemas sin estres.Nos centramos en el comportamiento natural de los perros y utilizamos nuestro onocimiento para nuestra ventaja en el proceso de adiestramiento. Cuando los perros estan controlados respetando su comportamiento natural, ellos, como los due\u00f1os tambien, pueden tener m\u00e1s libertad. Nuestro objetivo es una buena cooperaci\u00f3n entre [&hellip;]","og_url":"https:\/\/happyandnaturaldogs.com\/es\/","og_site_name":"Happy and Natural dogs - Ongelmakoirakouluttaja","article_publisher":"https:\/\/www.facebook.com\/HappyAndNaturalDogs","article_modified_time":"2025-07-23T07:46:36+00:00","og_image":[{"url":"https:\/\/happyandnaturaldogs.com\/wp-content\/uploads\/pauliina_miisa_800.jpg","type":"","width":"","height":""}],"twitter_card":"summary_large_image","twitter_misc":{"Tiempo de lectura":"3 minutos"},"schema":{"@context":"https:\/\/schema.org","@graph":[{"@type":"WebPage","@id":"https:\/\/happyandnaturaldogs.com\/es\/","url":"https:\/\/happyandnaturaldogs.com\/es\/","name":"Inicio - Happy and Natural dogs - Ongelmakoirakouluttaja","isPartOf":{"@id":"https:\/\/happyandnaturaldogs.com\/es\/#website"},"primaryImageOfPage":{"@id":"https:\/\/happyandnaturaldogs.com\/es\/#primaryimage"},"image":{"@id":"https:\/\/happyandnaturaldogs.com\/es\/#primaryimage"},"thumbnailUrl":"https:\/\/happyandnaturaldogs.com\/wp-content\/uploads\/pauliina_miisa_800.jpg","datePublished":"2021-06-04T06:34:00+00:00","dateModified":"2025-07-23T07:46:36+00:00","breadcrumb":{"@id":"https:\/\/happyandnaturaldogs.com\/es\/#breadcrumb"},"inLanguage":"es","potentialAction":[{"@type":"ReadAction","target":["https:\/\/happyandnaturaldogs.com\/es\/"]}]},{"@type":"ImageObject","inLanguage":"es","@id":"https:\/\/happyandnaturaldogs.com\/es\/#primaryimage","url":"https:\/\/happyandnaturaldogs.com\/wp-content\/uploads\/pauliina_miisa_800.jpg","contentUrl":"https:\/\/happyandnaturaldogs.com\/wp-content\/uploads\/pauliina_miisa_800.jpg"},{"@type":"BreadcrumbList","@id":"https:\/\/happyandnaturaldogs.com\/es\/#breadcrumb","itemListElement":[{"@type":"ListItem","position":1,"name":"Etusivu","item":"https:\/\/happyandnaturaldogs.com\/es\/"},{"@type":"ListItem","position":2,"name":"Inicio"}]},{"@type":"WebSite","@id":"https:\/\/happyandnaturaldogs.com\/es\/#website","url":"https:\/\/happyandnaturaldogs.com\/es\/","name":"Happy and Natural dogs - Ongelmakoirakouluttaja","description":"Happy and Natural dogs - Training and problem solving in a stressless way","publisher":{"@id":"https:\/\/happyandnaturaldogs.com\/es\/#organization"},"potentialAction":[{"@type":"SearchAction","target":{"@type":"EntryPoint","urlTemplate":"https:\/\/happyandnaturaldogs.com\/es\/?s={search_term_string}"},"query-input":{"@type":"PropertyValueSpecification","valueRequired":true,"valueName":"search_term_string"}}],"inLanguage":"es"},{"@type":"Organization","@id":"https:\/\/happyandnaturaldogs.com\/es\/#organization","name":"Happy and Natural dogs - Ongelmakoirakouluttaja","url":"https:\/\/happyandnaturaldogs.com\/es\/","logo":{"@type":"ImageObject","inLanguage":"es","@id":"https:\/\/happyandnaturaldogs.com\/es\/#\/schema\/logo\/image\/","url":"https:\/\/happyandnaturaldogs.com\/wp-content\/uploads\/favicon-1.jpg","contentUrl":"https:\/\/happyandnaturaldogs.com\/wp-content\/uploads\/favicon-1.jpg","width":116,"height":116,"caption":"Happy and Natural dogs - Ongelmakoirakouluttaja"},"image":{"@id":"https:\/\/happyandnaturaldogs.com\/es\/#\/schema\/logo\/image\/"},"sameAs":["https:\/\/www.facebook.com\/HappyAndNaturalDogs"]}]}},"_links":{"self":[{"href":"https:\/\/happyandnaturaldogs.com\/es\/wp-json\/wp\/v2\/pages\/10254","targetHints":{"allow":["GET"]}}],"collection":[{"href":"https:\/\/happyandnaturaldogs.com\/es\/wp-json\/wp\/v2\/pages"}],"about":[{"href":"https:\/\/happyandnaturaldogs.com\/es\/wp-json\/wp\/v2\/types\/page"}],"author":[{"embeddable":true,"href":"https:\/\/happyandnaturaldogs.com\/es\/wp-json\/wp\/v2\/users\/2"}],"replies":[{"embeddable":true,"href":"https:\/\/happyandnaturaldogs.com\/es\/wp-json\/wp\/v2\/comments?post=10254"}],"version-history":[{"count":4,"href":"https:\/\/happyandnaturaldogs.com\/es\/wp-json\/wp\/v2\/pages\/10254\/revisions"}],"predecessor-version":[{"id":10385,"href":"https:\/\/happyandnaturaldogs.com\/es\/wp-json\/wp\/v2\/pages\/10254\/revisions\/10385"}],"wp:attachment":[{"href":"https:\/\/happyandnaturaldogs.com\/es\/wp-json\/wp\/v2\/media?parent=10254"}],"curies":[{"name":"wp","href":"https:\/\/api.w.org\/{rel}","templated":true}]}}